{"id":12,"date":"2013-07-26T10:02:18","date_gmt":"2013-07-26T08:02:18","guid":{"rendered":"http:\/\/fontscollserola.com\/?page_id=2"},"modified":"2025-04-15T20:12:10","modified_gmt":"2025-04-15T18:12:10","slug":"sample-page-2","status":"publish","type":"page","link":"https:\/\/fontscollserola.com\/","title":{"rendered":"Inici:"},"content":{"rendered":"\n<div class=\"wp-block-group has-background is-vertical is-layout-flex wp-container-core-group-is-layout-8cf370e7 wp-block-group-is-layout-flex\" style=\"background-color:#e6e6e696\">\n<div class=\"wp-block-group has-background has-medium-font-size is-vertical is-layout-flex wp-container-core-group-is-layout-8cf370e7 wp-block-group-is-layout-flex\" style=\"background-color:#eee1e705\">\n<h5 class=\"wp-block-heading has-medium-font-size\">Aquesta p\u00e0gina recull tot un seguit d\u2019informacions de les fonts d&#8217;aigua natural, principalment de la Serra de Collserola i tamb\u00e9 d&#8217;altres indrets.<\/h5>\n\n\n\n<p>A <strong>Fonts i Descripci\u00f3<\/strong> hi ha la llista de les fonts on s\u2019indica l\u2019inter\u00e8s, l\u2019itinerari on es troba i les coordenades UTM.<\/p>\n\n\n\n<p>A <strong>Excursions<\/strong> hi ha dades d\u2019excursions que passen per diverses fonts: horaris, itinerari, waypoints \u2026<\/p>\n\n\n\n<p>A totes les excursions, tant al lloc de sortida com al lloc d&#8217;arribada, hi ha parada de transport p\u00fablic: FGC, RENFE, metro o bus.<\/p>\n\n\n\n<p>A <strong>Mapes<\/strong> hi ha el mapa de totes les fonts i els itineraris que passen per les fonts amb m\u00e9s inter\u00e9s.<\/p>\n\n\n\n<p>A <strong>Fonts del M\u00f3n<\/strong> hi ha imatges de les fonts d&#8217;aigua natural de les comarques properes al Barcelon\u00e8s i tamb\u00e9 anem introduint les fonts d&#8217;aigua natural de la resta del Planeta.<\/p>\n\n\n\n<h5 class=\"wp-block-heading\">Qui fa el web:<\/h5>\n\n\n\n<p>Els fontings, un grup d\u2019amics i de coneguts, amants de la natura, a qui agrada fer excursions i tenir cura de les fonts d\u2019aigua natural.<\/p>\n\n\n\n<p>Entenem el <strong>fonting<\/strong> com diverses maneres de con\u00e8ixer, de visitar i de cuidar les fonts d\u2019aigua natural: passejar, caminar, fer travessa, c\u00f3rrer, bicicleta i tamb\u00e9 netejar, condicionar, rehabilitar ecol\u00f2gicament els espais fontinals\u2026<\/p>\n\n\n\n<p>Per fer aix\u00f2 participem en diverses associacions, especialment amb <a href=\"http:\/\/activitats4f.blogspot.com\/p\/blog-page_3.html\" data-type=\"link\" data-id=\"http:\/\/activitats4f.blogspot.com\/p\/blog-page_3.html\">l\u2019Associaci\u00f3 Fes Fonts Fent Fonting<\/a> i <a href=\"http:\/\/activitats4f.blogspot.com\/p\/taula-de-seguiment.html\" data-type=\"link\" data-id=\"http:\/\/activitats4f.blogspot.com\/p\/taula-de-seguiment.html\">les seves activitats.<\/a><\/p>\n\n\n\n<h5 class=\"wp-block-heading\">Objecte principal<\/h5>\n\n\n\n<p>Buscar 370 fonts de la Serra de Collserola, fotografiar-les, determinar la seva posici\u00f3 geo-referenciada, explicar els itineraris que passin per elles.<\/p>\n\n\n\n<p>Establir contacte amb altres persones i entitats per millorar la base de dades.<\/p>\n\n\n\n<p>Fomentar el coneixement de les fonts naturals perqu\u00e8 s\u00f3n una riquesa natural, formen part del patrimoni hist\u00f2ric \u2013 cultural i cal afavorir la seva conservaci\u00f3 en bon estat.<\/p>\n\n\n\n<p>Proposar recorreguts que passin per diverses fonts i donar a con\u00e8ixer racons ins\u00f2lits.<\/p>\n\n\n\n<h5 class=\"wp-block-heading\">Les fonts d&#8217;aigua natural<\/h5>\n\n\n\n<p>Aquestes fonts atrauen el nostre inter\u00e8s perqu\u00e8 s\u00f3n uns petits ecosistemes d\u2019aigua dol\u00e7a que formen part del patrimoni cultural local i que sovint, s\u00f3n un punt de trobada social i cultural important.<\/p>\n\n\n\n<p>Una font \u00e9s un punt del territori on l\u2019aigua subterr\u00e0nia brolla i surt a l\u2019exterior, des de terra o entre les roques i forma un ecosistema fontinal que \u00e9s com un petit oasi humit al mig del bosc, a vegades permanent i altres estacionals, que acull multitud d\u2019esp\u00e8cies animals i vegetals. A Collserola sovint hi trobem: salamandres, granotes, gripaus, ocells, porcs senglars i l\u00edquens, molses&#8230;<\/p>\n\n\n\n<p>Aquests ecosistemes s\u00f3n h\u00e0bitats que permeten mantenir un ambient aqu\u00e0tic molt emprat per les comunitats biol\u00f2giques que els hi permet resistir durant per\u00edodes de sequera, i posteriorment contribuir a la recolonitzaci\u00f3 en per\u00edodes de pluja.<\/p>\n\n\n\n<p>Tamb\u00e9 s\u00f3n refugis clim\u00e0tics de la fauna silvestre on acudeix per protegir-se de la calor, beure aigua o reproduir-se i tamb\u00e9 protegir-se dels depredadors dels cursos d\u2019aigua. Per exemple els peixos dels rius no hi arriben i no es mengen els ous de certs animals que viuen a les fonts.<\/p>\n\n\n\n<h5 class=\"wp-block-heading\">Abast<\/h5>\n\n\n\n<p>La zona estudiada \u00e9s la Serra de Collserola que abasta des de la part nord de Barcelona fins a Sant Cugat i des del Bes\u00f2s fins al Llobregat; t\u00e9 una extensi\u00f3 d\u201911.300 hect\u00e0rees de les quals unes 8.295 formen part del Parc Natural de la Serra de Collserola. Est\u00e0 repartida entre 9 municipis: Barcelona, Esplugues de Llobregat, Sant Just Desvern, Sant Feliu de Llobregat, Molins de Rei, el Papiol, Sant Cugat del Vall\u00e8s, Cerdanyola del Vall\u00e8s i Montcada i Reixac.<\/p>\n\n\n\n<p>La superf\u00edcie de la Serra \u00e9s muntanyosa, formada per gran quantitat de torrents i de turons de forma arrodonida, amb unes al\u00e7ades compreses entre els 250 i els 500 metres i que forma part de la Serralada del Litoral.<\/p>\n\n\n\n<p>Tamb\u00e9 hi figuren algunes fonts que en el seu origen portaven l\u2019aigua de la Serra de Collserola als municipis propers.<\/p>\n\n\n\n<div class=\"wp-block-group has-medium-font-size is-vertical is-content-justification-center is-layout-flex wp-container-core-group-is-layout-0472769e wp-block-group-is-layout-flex\">\n<p>A partir del mes de juliol de 2017 hem ampliat l\u2019abast a les fonts d\u2019aigua natural de&nbsp; tot el m\u00f3n amb la pestanya Fonts Del M\u00f3n.<\/p>\n\n\n\n<h5 class=\"wp-block-heading\">Aspectes d\u2019inter\u00e8s<\/h5>\n\n\n\n<p>Fer un recorregut que passi per diverses fonts ajuda a descobrir les formes artesanes de construcci\u00f3 tan diferents les unes de les altres. En trobem de constru\u00efdes amb paret de pedra, de totxo, revestides de mosaic. Unes s\u00f3n petites i altres monumentals. Unes ragen aigua abundant i d\u2019altres no ho fan o nom\u00e9s en algunes estacions. Les fonts s\u00f3n uns elements m\u00e9s que contribueixen a la bellesa del paisatge. Algunes s\u00f3n com petites obres d\u2019art que mereixen una visita.<\/p>\n\n\n\n<p>La vegetaci\u00f3 \u00e9s molt variada i abundant. A vegades \u00e9s tan espessa que sembla la selva.<\/p>\n\n\n\n<p>Moltes vegades ens sorprenen els conills que estan pasturant, veiem esquirols que s\u2019emparren pels arbres i porcs senglars que fan de les seves. I qu\u00e8 dir del fet de cantar dels ocells que s\u2019amplifica dins del silenci del bosc.<\/p>\n\n\n\n<p>Pel cam\u00ed ens trobarem masies, zones de conreu, de sec\u00e0, horts que aprofiten pous o antigues fonts. Terrenys que havien estat conreats i ara s\u00f3n ocupats per la vegetaci\u00f3. Camins amples, camins estrets, corriols que haurem de passar ajupits\u2026 sorpresa i admiraci\u00f3 a cada font que trobarem.<\/p>\n\n\n\n<p>Tant a l\u2019estiu, com a l\u2019hivern, a la primavera i a la tardor, sempre trobarem un recorregut per diverses fonts per passar-ho b\u00e9.<\/p>\n\n\n\n<h5 class=\"wp-block-heading\"><span style=\"mso-ansi-language: CA;\" lang=\"CA\">Notes importants<\/span><\/h5>\n\n\n\n<p><span style=\"mso-ansi-language: CA;\" lang=\"CA\">Si visiteu les fonts tingueu cura de mantenir-les netes com tamb\u00e9 del seu entorn.<\/span><\/p>\n\n\n\n<p><span style=\"mso-ansi-language: CA;\" lang=\"CA\">Algunes fonts estan en propietat privada. Feu cas dels cartells i avisos i demaneu perm\u00eds als propietaris per accedir-hi.<\/span><\/p>\n\n\n\n<p><span style=\"mso-ansi-language: CA;\" lang=\"CA\">L\u2019aigua de la majoria de fonts naturals no \u00e9s potable. No \u00e9s aconsellable beure-hi aigua si no teniu una an\u00e0lisi pr\u00e8via de la seva puresa.<\/span><\/p>\n\n\n\n<h5 class=\"wp-block-heading\">Contacte<\/h5>\n\n\n\n<p>Ens agradar\u00e0 con\u00e8ixer les vostres opinions relacionades amb el tema i si trobeu noves fonts, ens ho feu saber, que les posarem a la p\u00e0gina.<\/p>\n<\/div>\n<\/div>\n\n\n\n<p class=\"has-text-color\" style=\"color:#e02d2d\"><strong><a title=\"Contacte\" href=\"http:\/\/fontscollserola.com\/?page_id=24\">                                                                   Contacte<\/a><\/strong><\/p>\n<\/div>\n\n\n\n<p><\/p>\n","protected":false},"excerpt":{"rendered":"<p>Aquesta p\u00e0gina recull tot un seguit d\u2019informacions de les fonts d&#8217;aigua natural, principalment de la Serra de Collserola i tamb\u00e9 d&#8217;altres indrets. A Fonts i Descripci\u00f3 hi ha la llista de les fonts on s\u2019indica l\u2019inter\u00e8s, l\u2019itinerari on es troba i les coordenades UTM. A Excursions hi ha dades d\u2019excursions que passen per diverses fonts: [&hellip;]<\/p>\n","protected":false},"author":4,"featured_media":0,"parent":0,"menu_order":0,"comment_status":"closed","ping_status":"closed","template":"","meta":{"footnotes":""},"class_list":["post-12","page","type-page","status-publish","hentry"],"_links":{"self":[{"href":"https:\/\/fontscollserola.com\/index.php?rest_route=\/wp\/v2\/pages\/12","targetHints":{"allow":["GET"]}}],"collection":[{"href":"https:\/\/fontscollserola.com\/index.php?rest_route=\/wp\/v2\/pages"}],"about":[{"href":"https:\/\/fontscollserola.com\/index.php?rest_route=\/wp\/v2\/types\/page"}],"author":[{"embeddable":true,"href":"https:\/\/fontscollserola.com\/index.php?rest_route=\/wp\/v2\/users\/4"}],"replies":[{"embeddable":true,"href":"https:\/\/fontscollserola.com\/index.php?rest_route=%2Fwp%2Fv2%2Fcomments&post=12"}],"version-history":[{"count":45,"href":"https:\/\/fontscollserola.com\/index.php?rest_route=\/wp\/v2\/pages\/12\/revisions"}],"predecessor-version":[{"id":9234,"href":"https:\/\/fontscollserola.com\/index.php?rest_route=\/wp\/v2\/pages\/12\/revisions\/9234"}],"wp:attachment":[{"href":"https:\/\/fontscollserola.com\/index.php?rest_route=%2Fwp%2Fv2%2Fmedia&parent=12"}],"curies":[{"name":"wp","href":"https:\/\/api.w.org\/{rel}","templated":true}]}}