{"id":23,"date":"2013-07-26T17:06:50","date_gmt":"2013-07-26T15:06:50","guid":{"rendered":"http:\/\/fontscollserola.com\/?page_id=23"},"modified":"2021-01-07T18:29:45","modified_gmt":"2021-01-07T17:29:45","slug":"doc","status":"publish","type":"page","link":"https:\/\/fontscollserola.com\/?page_id=23","title":{"rendered":"Documentaci\u00f3"},"content":{"rendered":"<h5>Llibres:<\/h5>\n<ul>\n<li>HISTORIA Y LEYENDA DE LAS FUENTES URBANAS Y CAMPESTRES DE BARCELONA. J. M\u00aa Riutort. Ediciones Libreria Milla. 1946.<\/li>\n<li>FUENTES EN LAS MONTA\u00d1AS DE BARDELONA. Xavier Coll. Editorial Alpina. 1963.<\/li>\n<li>GUIA DE BARCELONA. Juan Prats V\u00e1zquez. Editorial R\u00e1pido. 1935.<\/li>\n<li>LES MINES D\u2019AIGUA DE SANT JUST DESVERN. Varis autors. Ajuntament de Sant Just. 1995.<\/li>\n<li>CAMINS D\u2019AIGUA. PASSEJADES PER 100 FONTS DE COLLSEROLA. Miquel Tormos. Editorial Desnivel. 2007.<\/li>\n<li>RELLLIGANT NOU BARRIS. Francesc Pujol i Mart\u00ednez. Edici\u00f3 Ajuntament de Barcelona. 2003.<\/li>\n<li>RUTES DE L\u2019AIGUA ALS BARRIS D\u2019HORTA-GUINARD\u00d3. Carlota Gim\u00e9nez. Edici\u00f3 Ajuntament de Barcelona. 2009.<\/li>\n<li>RIERA, TORRENTS I FONTS ALS BARRIS D\u2019HORTA-GUINARD\u00d3. Carlota Gim\u00e9nez. Edici\u00f3 Ajuntament de Barcelona. 2009.<\/li>\n<li>GUIA DE NATURA DEL PARC DE COLLSEROLA. Varis autors. 2004.<\/li>\n<li>GUIA DE GEOLOGIA DE COLLSEROLA. Varis autors. 2008.<\/li>\n<li>COLLSEROLA PAS A PAS. Varis autors. Diputaci\u00f3 de Barcelona. 2004.<\/li>\n<li>VALLVIDRERA A TRAV\u00c9S DELS SEGLES. Eugeni Casanova i Solanes. Miradorllibres. Agost 2018.<\/li>\n<\/ul>\n<h5>Mapes:<\/h5>\n<ul>\n<li>GRAN BARCELONA. COLLSEROLA. Xavier Coll. Editorial Alpina. 1985.<\/li>\n<li>SERRA DE COLLSEROLA. Editorial Alpina. 2001.<\/li>\n<li>COLLSEROLA PARC NATURAL. Editorial Alpina. 2011<\/li>\n<\/ul>\n<h5>\u00a0Revistes:<\/h5>\n<ul>\n<li>GUIAPARCOLLSEROLA. A cada publicaci\u00f3 mensual hi un article de Dany Alvarez sobre fonts de Collserola. 2005-2014.<\/li>\n<\/ul>\n<h5>\u00a0A internet:<\/h5>\n<ul>\n<li><a href=\"http:\/\/issuu.com\/amicsmontella\/docs\/fildirecte05\">Article de Ramon Sol\u00e9 Lacomba sobre les fonts naturals<\/a><\/li>\n<\/ul>\n<h5>Altres:<\/h5>\n<ul>\n<li>DECRET 146\/2010, de 19 d&#8217;octubre, de declaraci\u00f3 del Parc Natural de la Serra de Collserola i de les reserves naturals parcials de la Font Groga i de la Rierada-Can Balasc. (DOGC n\u00fam. 5745 &#8211; 29\/10\/2010).<\/li>\n<\/ul>\n","protected":false},"excerpt":{"rendered":"<p>Llibres: HISTORIA Y LEYENDA DE LAS FUENTES URBANAS Y CAMPESTRES DE BARCELONA. J. M\u00aa Riutort. Ediciones Libreria Milla. 1946. FUENTES EN LAS MONTA\u00d1AS DE BARDELONA. Xavier Coll. Editorial Alpina. 1963. GUIA DE BARCELONA. Juan Prats V\u00e1zquez. Editorial R\u00e1pido. 1935. LES MINES D\u2019AIGUA DE SANT JUST DESVERN. Varis autors. Ajuntament de Sant Just. 1995. CAMINS D\u2019AIGUA. [&hellip;]<\/p>\n","protected":false},"author":4,"featured_media":0,"parent":0,"menu_order":9,"comment_status":"closed","ping_status":"closed","template":"","meta":{"footnotes":""},"class_list":["post-23","page","type-page","status-publish","hentry"],"_links":{"self":[{"href":"https:\/\/fontscollserola.com\/index.php?rest_route=\/wp\/v2\/pages\/23","targetHints":{"allow":["GET"]}}],"collection":[{"href":"https:\/\/fontscollserola.com\/index.php?rest_route=\/wp\/v2\/pages"}],"about":[{"href":"https:\/\/fontscollserola.com\/index.php?rest_route=\/wp\/v2\/types\/page"}],"author":[{"embeddable":true,"href":"https:\/\/fontscollserola.com\/index.php?rest_route=\/wp\/v2\/users\/4"}],"replies":[{"embeddable":true,"href":"https:\/\/fontscollserola.com\/index.php?rest_route=%2Fwp%2Fv2%2Fcomments&post=23"}],"version-history":[{"count":4,"href":"https:\/\/fontscollserola.com\/index.php?rest_route=\/wp\/v2\/pages\/23\/revisions"}],"predecessor-version":[{"id":8535,"href":"https:\/\/fontscollserola.com\/index.php?rest_route=\/wp\/v2\/pages\/23\/revisions\/8535"}],"wp:attachment":[{"href":"https:\/\/fontscollserola.com\/index.php?rest_route=%2Fwp%2Fv2%2Fmedia&parent=23"}],"curies":[{"name":"wp","href":"https:\/\/api.w.org\/{rel}","templated":true}]}}