{"id":25,"date":"2013-07-26T17:07:12","date_gmt":"2013-07-26T15:07:12","guid":{"rendered":"http:\/\/fontscollserola.com\/?page_id=25"},"modified":"2023-01-03T18:19:14","modified_gmt":"2023-01-03T17:19:14","slug":"links","status":"publish","type":"page","link":"https:\/\/fontscollserola.com\/?page_id=25","title":{"rendered":"Links"},"content":{"rendered":"<h1><span style=\"color: #00ccff;\">Links de l\u2019\u00e0mbit de Collserola:<\/span><\/h1>\n<ul>\n<li>\n<h2><span style=\"color: #000000;\"><strong><a style=\"color: #000000;\" href=\"http:\/\/collserolaverda.cat\">Associaci\u00f3 Collserola Verda.<\/a><\/strong><\/span><\/h2>\n<\/li>\n<li>\n<h2><span style=\"color: #000000;\"><strong><a style=\"color: #000000;\" href=\"http:\/\/www.parcnaturalcollserola.cat\/\">Consorci del Parc de<\/a><\/strong><a style=\"color: #000000;\" href=\"http:\/\/www.parcnaturalcollserola.cat\/\"> Collserola.<\/a><\/span><\/h2>\n<\/li>\n<li>\n<h2><span style=\"color: #000000;\"><strong><a style=\"color: #000000;\" href=\"http:\/\/www.collserola.org\/\">Plataforma C\u00edvica per a la Defensa de Collserola.<\/a><\/strong><\/span><\/h2>\n<\/li>\n<li>\n<h2><span style=\"color: #000000;\"><strong><a style=\"color: #000000;\" href=\"http:\/\/martinezpoloj.wordpress.com\/\">El agua en Collserola.<\/a><\/strong><\/span><\/h2>\n<\/li>\n<li>\n<h2><span style=\"color: #000000;\"><strong><a style=\"color: #000000;\" href=\"http:\/\/ca.wikipedia.org\/wiki\/Collserola\">Wikipedia <\/a><\/strong><\/span><\/h2>\n<\/li>\n<li>\n<h2><span style=\"color: #000000;\"><strong><a style=\"color: #000000;\" href=\"https:\/\/www.facebook.com\/CollserolaFaF\/\">Collserola Font a Font.<\/a><\/strong><\/span><\/h2>\n<\/li>\n<li>\n<h2><span style=\"color: #000000;\"><strong><a style=\"color: #000000;\" href=\"https:\/\/montcadareixac.blogspot.com\/\">Mem\u00f2ria d&#8217;un poble: Montcada i Reixac.<\/a><\/strong><\/span><\/h2>\n<\/li>\n<li>\n<h2><span style=\"color: #000000;\"><a style=\"color: #000000;\" href=\"https:\/\/lahordasalvaje.wordpress.com\/2018\/10\/29\/primera-actuacio-a-la-font-de-la-vinya\/\"><strong><span style=\"color: #000000;\">La Horda.<\/span><\/strong><\/a><\/span><\/h2>\n<\/li>\n<\/ul>\n<h1><span style=\"color: #00ccff;\">\u00a0Links relacionats amb les fonts:<\/span><\/h1>\n<ul>\n<li>\n<h2><span style=\"color: #000000;\"><strong><a style=\"color: #000000;\" href=\"http:\/\/fdm.fontscollserola.com\">Mapa de Fonts del Planeta.<\/a><\/strong><\/span><\/h2>\n<\/li>\n<li>\n<h2><span style=\"color: #000000;\"><strong><a style=\"color: #000000;\" href=\"http:\/\/ca.wikiloc.com\/wikiloc\/find.do?q=fonting4\">Excursions de Fonting per visitar fonts naturals de varis municipis.<\/a><\/strong><\/span><\/h2>\n<\/li>\n<li>\n<h2><span style=\"color: #000000;\"><strong><a style=\"color: #000000;\" href=\"https:\/\/drive.google.com\/open?id=17xRaw1XHPkpvT0akJF_SwMujPTS1hq8q&amp;usp=sharing\">Mapa de Fonts de la Pen\u00ednsula.<\/a><\/strong><\/span><\/h2>\n<\/li>\n<li>\n<h2><span style=\"color: #000000;\"><strong><a style=\"color: #000000;\" href=\"http:\/\/fontsaigua.wordpress.com\/\">Fonts naturals, aigua, muntanya i m\u00e9s.<\/a><\/strong><\/span><\/h2>\n<\/li>\n<li>\n<h2><span style=\"color: #000000;\"><strong><a style=\"color: #000000;\" href=\"http:\/\/www.fontsnaturals.org\/\">Fonts naturals de Catalunya 1<\/a><\/strong><\/span><\/h2>\n<\/li>\n<li>\n<h2><span style=\"color: #000000;\"><strong><a style=\"color: #000000;\" href=\"http:\/\/rutesifontsdesantlloreniobac.blogspot.com\/\">Fonts naturals de Sant Lloren\u00e7 de Munt 1<\/a><\/strong><\/span><\/h2>\n<\/li>\n<li>\n<h2><span style=\"color: #000000;\"><strong><a style=\"color: #000000;\" href=\"http:\/\/cea.cat\/grupdefonts\/\">Fonts naturals de Sant Lloren\u00e7 de Munt 2<\/a><\/strong><\/span><\/h2>\n<\/li>\n<li>\n<h2><span style=\"color: #000000;\"><strong><a style=\"color: #000000;\" href=\"http:\/\/cea.cat\/grupdefonts\/\">Les fonts naturals d\u2019Argentona<\/a><\/strong><\/span><\/h2>\n<\/li>\n<li>\n<h2><span style=\"color: #000000;\"><strong><a style=\"color: #000000;\" href=\"http:\/\/www.conocetusfuentes.com\/home.php\">Fonts naturals d&#8217;Andalusia.<\/a><\/strong><\/span><\/h2>\n<\/li>\n<li>\n<h2><span style=\"color: #000000;\"><strong><a style=\"color: #000000;\" href=\"https:\/\/fontsdesanthilarisacalm.blogspot.com\/\">Fonts de Sant Hilari Sacalm<\/a><\/strong><\/span><\/h2>\n<\/li>\n<li>\n<h2><span style=\"color: #000000;\"><strong><a style=\"color: #000000;\" href=\"http:\/\/www.encos.cat\/fonts\/fonts.php\">Fonts de Catalunya.<\/a><\/strong><\/span><\/h2>\n<\/li>\n<li>\n<h2><span style=\"color: #000000;\"><strong><a style=\"color: #000000;\" href=\"https:\/\/www.bttysenderismo.com\/\">Senderisme.<\/a><\/strong><\/span><\/h2>\n<\/li>\n<li>\n<h2><span style=\"color: #000000;\"><strong><a style=\"color: #000000;\" href=\"https:\/\/cercafonts.icgc.cat\/fontsaca\/#7\/41.537\/2.038\">Fonts naturals de Catalunya de l&#8217;ACA.<\/a><\/strong><\/span><\/h2>\n<\/li>\n<li>\n<h2><span style=\"color: #000000;\"><strong><a style=\"color: #000000;\" href=\"https:\/\/sites.google.com\/a\/fontsdetramuntana.com\/fontsapps\/home\">Fonts de Mallorca.<\/a><\/strong><\/span><\/h2>\n<\/li>\n<li>\n<h2><span style=\"color: #000000;\"><strong><a style=\"color: #000000;\" href=\"https:\/\/www.google.com\/maps\/d\/viewer?mid=1NR7adiDk2597xsoOa7sFAvUucBE&amp;usp=sharing\">Fonts del Montseny.<\/a><\/strong><\/span><\/h2>\n<\/li>\n<li>\n<h2><span style=\"color: #000000;\"><strong><a style=\"color: #000000;\" href=\"http:\/\/fonsienlared.blogspot.com\/search\/label\/Fuentes\">Fonts de Tarragona i altres.<\/a><\/strong><\/span><\/h2>\n<\/li>\n<li>\n<h2><span style=\"color: #000000;\"><strong><a style=\"color: #000000;\" href=\"https:\/\/barnasub.blogspot.com\/\">Grup de Recerca i Protecci\u00f3 del Patrimoni Subterrani.<\/a><\/strong><\/span><\/h2>\n<\/li>\n<li>\n<h2><span style=\"color: #000000;\"><strong><a style=\"color: #000000;\" href=\"https:\/\/naturaendins.blogspot.com\/\">Natura endins.<\/a><\/strong><\/span><\/h2>\n<\/li>\n<li>\n<h2><a href=\"https:\/\/raicesdelagua.com\/dromos-y-raices-del-agua\/\"><strong><span style=\"color: #000000;\">Ra\u00edces del Agua.<\/span><\/strong><\/a><\/h2>\n<\/li>\n<\/ul>\n<h1><span style=\"color: #00ccff;\">Mapes<\/span><\/h1>\n<ul>\n<li>\n<h2><a href=\"https:\/\/www.editorialalpina.com\/?s=collserola&amp;post_type=product&amp;lang=ca\"><span style=\"color: #000000;\"><strong>Editorial Alpina.<\/strong><\/span><\/a><\/h2>\n<\/li>\n<\/ul>\n<h1><span style=\"color: #00ccff;\">YouTube<\/span><\/h1>\n<ul>\n<li>\n<h2><span style=\"color: #000000;\"><strong><a style=\"color: #000000;\" href=\"http:\/\/www.youtube.com\/\/user\/Fonting4\">Fonts de Collserola ( Fes Fonts Fent Fonting)<\/a><\/strong><\/span><\/h2>\n<\/li>\n<li>\n<h2><span style=\"color: #000000;\"><strong><a style=\"color: #000000;\" href=\"http:\/\/www.youtube.com\/playlist?list=PL333386D70A34CC70\">Fonts naturals de Viladrau.<\/a><\/strong><\/span><\/h2>\n<\/li>\n<\/ul>\n\n\n<hr class=\"wp-block-separator has-text-color has-alpha-channel-opacity has-background is-style-wide\" style=\"background-color:#da2c73;color:#da2c73\"\/>\n","protected":false},"excerpt":{"rendered":"<p>Links de l\u2019\u00e0mbit de Collserola: Associaci\u00f3 Collserola Verda. Consorci del Parc de Collserola. Plataforma C\u00edvica per a la Defensa de Collserola. El agua en Collserola. Wikipedia Collserola Font a Font. Mem\u00f2ria d&#8217;un poble: Montcada i Reixac. La Horda. \u00a0Links relacionats amb les fonts: Mapa de Fonts del Planeta. Excursions de Fonting per visitar fonts naturals [&hellip;]<\/p>\n","protected":false},"author":4,"featured_media":0,"parent":0,"menu_order":14,"comment_status":"closed","ping_status":"closed","template":"","meta":{"footnotes":""},"class_list":["post-25","page","type-page","status-publish","hentry"],"_links":{"self":[{"href":"https:\/\/fontscollserola.com\/index.php?rest_route=\/wp\/v2\/pages\/25","targetHints":{"allow":["GET"]}}],"collection":[{"href":"https:\/\/fontscollserola.com\/index.php?rest_route=\/wp\/v2\/pages"}],"about":[{"href":"https:\/\/fontscollserola.com\/index.php?rest_route=\/wp\/v2\/types\/page"}],"author":[{"embeddable":true,"href":"https:\/\/fontscollserola.com\/index.php?rest_route=\/wp\/v2\/users\/4"}],"replies":[{"embeddable":true,"href":"https:\/\/fontscollserola.com\/index.php?rest_route=%2Fwp%2Fv2%2Fcomments&post=25"}],"version-history":[{"count":59,"href":"https:\/\/fontscollserola.com\/index.php?rest_route=\/wp\/v2\/pages\/25\/revisions"}],"predecessor-version":[{"id":8571,"href":"https:\/\/fontscollserola.com\/index.php?rest_route=\/wp\/v2\/pages\/25\/revisions\/8571"}],"wp:attachment":[{"href":"https:\/\/fontscollserola.com\/index.php?rest_route=%2Fwp%2Fv2%2Fmedia&parent=25"}],"curies":[{"name":"wp","href":"https:\/\/api.w.org\/{rel}","templated":true}]}}