{"id":2539,"date":"2016-09-07T17:56:57","date_gmt":"2016-09-07T15:56:57","guid":{"rendered":"http:\/\/fontscollserola.com\/?page_id=2539"},"modified":"2023-07-21T13:13:08","modified_gmt":"2023-07-21T11:13:08","slug":"altres-fonts","status":"publish","type":"page","link":"https:\/\/fontscollserola.com\/?page_id=2539","title":{"rendered":"Fonts del M\u00f3n"},"content":{"rendered":"<h1><span style=\"color: #3366ff;\"><a style=\"color: #3366ff;\" href=\"http:\/\/fdm.fontscollserola.com\/\">Fonts naturals del M\u00f3n.<\/a><\/span><\/h1>\n<p>Gesti\u00f3 de les fonts de diveros paisos.<\/p>\n<p>Altres temes relacionats:<\/p>\n<p><a href=\"http:\/\/moli1fonting.blogspot.com.es\/\">Fonts naturals de les comarques properes al Barcelon\u00e8s.<\/a><\/p>\n<p><a href=\"http:\/\/moli1fonting.blogspot.com\/p\/blog-page_8.html\">Excursions de Fonting que visiten diverses fonts.<\/a><\/p>\n","protected":false},"excerpt":{"rendered":"<p>Fonts naturals del M\u00f3n. Gesti\u00f3 de les fonts de diveros paisos. Altres temes relacionats: Fonts naturals de les comarques properes al Barcelon\u00e8s. Excursions de Fonting que visiten diverses fonts.<\/p>\n","protected":false},"author":3,"featured_media":0,"parent":0,"menu_order":13,"comment_status":"closed","ping_status":"closed","template":"","meta":{"footnotes":""},"class_list":["post-2539","page","type-page","status-publish","hentry"],"_links":{"self":[{"href":"https:\/\/fontscollserola.com\/index.php?rest_route=\/wp\/v2\/pages\/2539","targetHints":{"allow":["GET"]}}],"collection":[{"href":"https:\/\/fontscollserola.com\/index.php?rest_route=\/wp\/v2\/pages"}],"about":[{"href":"https:\/\/fontscollserola.com\/index.php?rest_route=\/wp\/v2\/types\/page"}],"author":[{"embeddable":true,"href":"https:\/\/fontscollserola.com\/index.php?rest_route=\/wp\/v2\/users\/3"}],"replies":[{"embeddable":true,"href":"https:\/\/fontscollserola.com\/index.php?rest_route=%2Fwp%2Fv2%2Fcomments&post=2539"}],"version-history":[{"count":8,"href":"https:\/\/fontscollserola.com\/index.php?rest_route=\/wp\/v2\/pages\/2539\/revisions"}],"predecessor-version":[{"id":8654,"href":"https:\/\/fontscollserola.com\/index.php?rest_route=\/wp\/v2\/pages\/2539\/revisions\/8654"}],"wp:attachment":[{"href":"https:\/\/fontscollserola.com\/index.php?rest_route=%2Fwp%2Fv2%2Fmedia&parent=2539"}],"curies":[{"name":"wp","href":"https:\/\/api.w.org\/{rel}","templated":true}]}}