{"id":26,"date":"2013-07-26T17:14:20","date_gmt":"2013-07-26T15:14:20","guid":{"rendered":"http:\/\/fontscollserola.com\/?page_id=26"},"modified":"2013-09-12T19:48:10","modified_gmt":"2013-09-12T17:48:10","slug":"grup","status":"publish","type":"page","link":"https:\/\/fontscollserola.com\/?page_id=26","title":{"rendered":"de Grup"},"content":{"rendered":"<p><strong>Fes un clic sobre el nom de l\u2019excursi\u00f3 i veur\u00e0s una explicaci\u00f3 de la caminada amb m\u00e9s detall.<\/strong><\/p>\n<h5>Llistat Excursions de Grup.<\/h5>\n\n<table id=\"tablepress-3\" class=\"tablepress tablepress-id-3\">\n<thead>\n<tr class=\"row-1\">\n\t<th class=\"column-1\">Excursi\u00f3<\/th><th class=\"column-2\">Lloc de sortida<\/th><th class=\"column-3\">Lloc d'arribada<\/th><th class=\"column-4\">km<\/th><th class=\"column-5\">Temps<\/th><th class=\"column-6\">Fonts <br \/>\nvisitades<\/th>\n<\/tr>\n<\/thead>\n<tbody class=\"row-striping row-hover\">\n<tr class=\"row-2\">\n\t<td class=\"column-1\"><a href=\"http:\/\/fontscollserola.com\/?p=613\">E01-Del Baixador de Vallvidrera al Papiol<\/a><\/td><td class=\"column-2\">Estaci\u00f3 dels FGC del Baixador de Vallvidrera<\/td><td class=\"column-3\">Estaci\u00f3 de la RENFE de Papiol<\/td><td class=\"column-4\">17<\/td><td class=\"column-5\">4:47<\/td><td class=\"column-6\">14<\/td>\n<\/tr>\n<tr class=\"row-3\">\n\t<td class=\"column-1\"><a href=\"http:\/\/fontscollserola.com\/?p=136\">E02-De Montbau a Cerdanyola del Vall\u00e8s<\/a><\/td><td class=\"column-2\">Estaci\u00f3 de Metro de Montbau.<\/td><td class=\"column-3\">Estaci\u00f3 de la RENFE de Cerdanyola del Vall\u00e8s<\/td><td class=\"column-4\">15<\/td><td class=\"column-5\">4:14<\/td><td class=\"column-6\">15<\/td>\n<\/tr>\n<tr class=\"row-4\">\n\t<td class=\"column-1\"><a href=\"http:\/\/fontscollserola.com\/?p=1427\">E03-Del Peu de Funicular a Sant Feliu<\/a><\/td><td class=\"column-2\">Estaci\u00f3 dels FGC del Peu del Funicular<\/td><td class=\"column-3\">Estaci\u00f3 de la RENFE de Sant Feliu de Llobregat<\/td><td class=\"column-4\">18<\/td><td class=\"column-5\">5:41<\/td><td class=\"column-6\">9<\/td>\n<\/tr>\n<tr class=\"row-5\">\n\t<td class=\"column-1\"><a href=\"http:\/\/fontscollserola.com\/?p=511\">E04-De Vall Hebron al Baixador de Vallvidrera<\/a><\/td><td class=\"column-2\">Estaci\u00f3 de Metro de Vall d'Hebron<\/td><td class=\"column-3\">Estaci\u00f3 dels FGC del Baixador de Vallvidrera<\/td><td class=\"column-4\">13<\/td><td class=\"column-5\">4:26<\/td><td class=\"column-6\">22<\/td>\n<\/tr>\n<tr class=\"row-6\">\n\t<td class=\"column-1\"><a href=\"http:\/\/fontscollserola.com\/?p=1601\">E05-De l\u2019Hospital General a la Diagonal<\/a><\/td><td class=\"column-2\">Estaci\u00f3 dels FGC de l'Hospital General<\/td><td class=\"column-3\">Estaci\u00f3 de Metro Zona Univesit\u00e0ria<\/td><td class=\"column-4\">34<\/td><td class=\"column-5\">9:51<\/td><td class=\"column-6\">19<\/td>\n<\/tr>\n<tr class=\"row-7\">\n\t<td class=\"column-1\"><a href=\"http:\/\/fontscollserola.com\/?p=1450\">E06-De Montbau a Sant Cugat<\/a><\/td><td class=\"column-2\">Estaci\u00f3 de Metro de Montbau<\/td><td class=\"column-3\">Estaci\u00f3 dels FGC de Sant Cugat<\/td><td class=\"column-4\">16<\/td><td class=\"column-5\">6:03<\/td><td class=\"column-6\">13<\/td>\n<\/tr>\n<tr class=\"row-8\">\n\t<td class=\"column-1\"><a href=\"http:\/\/fontscollserola.com\/?p=1498\">E07-Del Baixador de Vallvidrera a Molins de Rei<\/a><\/td><td class=\"column-2\">Estaci\u00f3 dels FGC del Baixador de Vallvidrera<\/td><td class=\"column-3\">Estaci\u00f3 de la RENFE de Molins de Rei<\/td><td class=\"column-4\">18<\/td><td class=\"column-5\">4:28<\/td><td class=\"column-6\">17<\/td>\n<\/tr>\n<tr class=\"row-9\">\n\t<td class=\"column-1\"><a href=\"http:\/\/fontscollserola.com\/?p=1612\">E08-De Canyelles a Cerdanyola<\/a><\/td><td class=\"column-2\">Estaci\u00f3 de Metro de Canyelles<\/td><td class=\"column-3\">Estaci\u00f3 de la RENFE de Cerdanyola del Vall\u00e8s<\/td><td class=\"column-4\">17<\/td><td class=\"column-5\">5:08<\/td><td class=\"column-6\">14<\/td>\n<\/tr>\n<tr class=\"row-10\">\n\t<td class=\"column-1\"><a href=\"http:\/\/fontscollserola.com\/?p=738\">E09-De Valldaura a Sant Cugat del Vall\u00e8s<\/a><\/td><td class=\"column-2\">Estaci\u00f3 de Metro de Valldaura<\/td><td class=\"column-3\">Estaci\u00f3 dels FGC de Sant Cugat<\/td><td class=\"column-4\">16<\/td><td class=\"column-5\">4:27<\/td><td class=\"column-6\">13<\/td>\n<\/tr>\n<tr class=\"row-11\">\n\t<td class=\"column-1\"><a href=\"http:\/\/fontscollserola.com\/?p=1621\">E10-De Penitents a Sant Cugat<\/a><\/td><td class=\"column-2\">Estaci\u00f3 de Metro de Penitents<\/td><td class=\"column-3\">Estaci\u00f3 dels FGC de Sant Cugat<\/td><td class=\"column-4\">16<\/td><td class=\"column-5\">5:32<\/td><td class=\"column-6\">12<\/td>\n<\/tr>\n<tr class=\"row-12\">\n\t<td class=\"column-1\"><a href=\"http:\/\/fontscollserola.com\/?p=1647\">E11-De Montcada a Molins (GR-92)<\/a><\/td><td class=\"column-2\">Estaci\u00f3 de la RENFE de Montcada i Reixac - Manresa<\/td><td class=\"column-3\">Estaci\u00f3 de la RENFE de Molins de Rei<\/td><td class=\"column-4\">28<\/td><td class=\"column-5\">7:22<\/td><td class=\"column-6\">14<\/td>\n<\/tr>\n<tr class=\"row-13\">\n\t<td class=\"column-1\"><a href=\"http:\/\/fontscollserola.com\/?p=513\">E12-De Vallvidrera a Sant Just<\/a><\/td><td class=\"column-2\">Estaci\u00f3 superior del funicular de Vallvidrera.<\/td><td class=\"column-3\">Parada de bus de la pla\u00e7a Parador de Sant Just<\/td><td class=\"column-4\">15<\/td><td class=\"column-5\">4:46<\/td><td class=\"column-6\">20<\/td>\n<\/tr>\n<tr class=\"row-14\">\n\t<td class=\"column-1\"><a href=\"http:\/\/fontscollserola.com\/?p=1657\">E13-De Les Planes a Molins de Rei<\/a><\/td><td class=\"column-2\">Estaci\u00f3 dels FGC de Les Planes<\/td><td class=\"column-3\">Estaci\u00f3 de la RENFE de Molins de Rei<\/td><td class=\"column-4\">15<\/td><td class=\"column-5\">4:41<\/td><td class=\"column-6\">13<\/td>\n<\/tr>\n<tr class=\"row-15\">\n\t<td class=\"column-1\"><a href=\"http:\/\/fontscollserola.com\/?p=1665\">E14-Del Baixador de Vallvidrera a Sant Cugat del Vall\u00e8s<\/a><\/td><td class=\"column-2\">Estaci\u00f3 dels FGC del Baixador de Vallvidrera<\/td><td class=\"column-3\">Estaci\u00f3 dels FGC de Sant Cugat<\/td><td class=\"column-4\">15<\/td><td class=\"column-5\">4:39<\/td><td class=\"column-6\">17<\/td>\n<\/tr>\n<tr class=\"row-16\">\n\t<td class=\"column-1\"><a href=\"http:\/\/fontscollserola.com\/?p=1674\">E15-De Sant Cugat del Vall\u00e8s a Montcada<\/a><\/td><td class=\"column-2\">Estaci\u00f3 dels FGC de Sant Cugat<\/td><td class=\"column-3\">Estaci\u00f3 de la RENFE de Montcada-Manresa<\/td><td class=\"column-4\">18,5<\/td><td class=\"column-5\">5:08<\/td><td class=\"column-6\">10<\/td>\n<\/tr>\n<tr class=\"row-17\">\n\t<td class=\"column-1\"><a href=\"http:\/\/fontscollserola.com\/?p=1684\">E16-De Sant Feliu de Llobregat a Molins de Rei<\/a><\/td><td class=\"column-2\">Estaci\u00f3 de la RENFE de Sant Feliu de llobregat<\/td><td class=\"column-3\">Estaci\u00f3 de la RENFE de Molins de Rei<\/td><td class=\"column-4\">18<\/td><td class=\"column-5\">4:31<\/td><td class=\"column-6\">12<\/td>\n<\/tr>\n<tr class=\"row-18\">\n\t<td class=\"column-1\"><a href=\"http:\/\/fontscollserola.com\/?p=1695\">E17-De l\u2019Hospital General a Molins de Rei<\/a><\/td><td class=\"column-2\">Estaci\u00f3 dels FGC de l'Hospital General<\/td><td class=\"column-3\">Estaci\u00f3 de la RENFE de Molins de Rei<\/td><td class=\"column-4\">18<\/td><td class=\"column-5\">5:14<\/td><td class=\"column-6\">10<\/td>\n<\/tr>\n<tr class=\"row-19\">\n\t<td class=\"column-1\"><a href=\"http:\/\/fontscollserola.com\/?p=3207\">E18-De Vall d'Hebron a Sant Cugat<\/a><\/td><td class=\"column-2\">Estaci\u00f3 de Metro de Vall d'Hebron<\/td><td class=\"column-3\">Estaci\u00f3 dels FGC de Sant Cugat<\/td><td class=\"column-4\">14,5<\/td><td class=\"column-5\">3:55<\/td><td class=\"column-6\">13<\/td>\n<\/tr>\n<tr class=\"row-20\">\n\t<td class=\"column-1\"><a href=\"http:\/\/fontscollserola.com\/?p=1705\">E19-De La Floresta a Molins de Rei<\/a><\/td><td class=\"column-2\">Estaci\u00f3 dels FGC de La Floresta<\/td><td class=\"column-3\">Estaci\u00f3 de la RENFE de Molins de Rei<\/td><td class=\"column-4\">17<\/td><td class=\"column-5\">4:08<\/td><td class=\"column-6\">16<\/td>\n<\/tr>\n<tr class=\"row-21\">\n\t<td class=\"column-1\"><a href=\"http:\/\/fontscollserola.com\/?p=1726\">E20-De Vallvidrera a Mundet<\/a><\/td><td class=\"column-2\">Estaci\u00f3 dels FGC Vallvidrera superior (Estaci\u00f3 superior del funicular de Vallvidrera)<\/td><td class=\"column-3\">Estaci\u00f3 de Metro de Mundet<\/td><td class=\"column-4\">17<\/td><td class=\"column-5\">5:28<\/td><td class=\"column-6\">12<\/td>\n<\/tr>\n<tr class=\"row-22\">\n\t<td class=\"column-1\"><a href=\"http:\/\/fontscollserola.com\/?p=1637\">E21-De Mundet a Torre Bar\u00f3<\/a><\/td><td class=\"column-2\">Estaci\u00f3 de Metro de Mundet<\/td><td class=\"column-3\">Estaci\u00f3 de Metro de Torre Bar\u00f3<\/td><td class=\"column-4\">16<\/td><td class=\"column-5\">5:07<\/td><td class=\"column-6\">11<\/td>\n<\/tr>\n<tr class=\"row-23\">\n\t<td class=\"column-1\"><a href=\"http:\/\/fontscollserola.com\/?p=1740\">E22-De Mundet a Cerdanyola del Vall\u00e8s<\/a><\/td><td class=\"column-2\">Estaci\u00f3 de Metro de Mundet<\/td><td class=\"column-3\">Estaci\u00f3 de la RENFE de Cerdanyola del Vall\u00e8s<\/td><td class=\"column-4\">18,5<\/td><td class=\"column-5\">4:54<\/td><td class=\"column-6\">12<\/td>\n<\/tr>\n<tr class=\"row-24\">\n\t<td class=\"column-1\"><a href=\"http:\/\/fontscollserola.com\/?p=1754\">E23-De Mundet a Sant Cugat del Vall\u00e8s<\/a><\/td><td class=\"column-2\">Estaci\u00f3 de Metro de Mundet<\/td><td class=\"column-3\">Estaci\u00f3 dels FGC de Sant Cugat<\/td><td class=\"column-4\">16<\/td><td class=\"column-5\">5:10<\/td><td class=\"column-6\">11<\/td>\n<\/tr>\n<tr class=\"row-25\">\n\t<td class=\"column-1\"><a href=\"http:\/\/fontscollserola.com\/?p=203\">E24-Del Baixador de Vallvidrera a Molins de Rei<\/a><\/td><td class=\"column-2\">Estaci\u00f3 dels FGC del Baixador de Vallvidrera<\/td><td class=\"column-3\">Estaci\u00f3 de la RENFE de Molins de Rei<\/td><td class=\"column-4\">14<\/td><td class=\"column-5\">5:08<\/td><td class=\"column-6\">5<\/td>\n<\/tr>\n<tr class=\"row-26\">\n\t<td class=\"column-1\"><a href=\"http:\/\/fontscollserola.com\/?p=1764\">E25-De Montcada a Llucmajor pels aqueductes<\/a><\/td><td class=\"column-2\">Estaci\u00f3 de la RENFE de Montcada i Reixac<\/td><td class=\"column-3\">Estaci\u00f3 de Metro de Llucmajor<\/td><td class=\"column-4\">17<\/td><td class=\"column-5\">5:40<\/td><td class=\"column-6\">9<\/td>\n<\/tr>\n<tr class=\"row-27\">\n\t<td class=\"column-1\"><a href=\"http:\/\/fontscollserola.com\/?p=746\">E26-De Molins de Rei a Sant Just Desvern<\/a><\/td><td class=\"column-2\">Estaci\u00f3 de la RENFE de Molins de Rei<\/td><td class=\"column-3\">Sant Just. Pla\u00e7a del Parador.<\/td><td class=\"column-4\">15<\/td><td class=\"column-5\">4:45<\/td><td class=\"column-6\">10<\/td>\n<\/tr>\n<tr class=\"row-28\">\n\t<td class=\"column-1\"><a href=\"http:\/\/fontscollserola.com\/?p=515\">E27-De la Floresta a Sarri\u00e0<\/a><\/td><td class=\"column-2\">Estaci\u00f3 dels FGC de La Floresta<\/td><td class=\"column-3\">Estaci\u00f3 dels FGC de Reina Elisenda <\/td><td class=\"column-4\">17<\/td><td class=\"column-5\">4:46<\/td><td class=\"column-6\">8<\/td>\n<\/tr>\n<tr class=\"row-29\">\n\t<td class=\"column-1\"><a href=\"https:\/\/fontscollserola.com\/?p=2241\">E28-De Sant Feliu de Llobregat al Papiol<\/a><\/td><td class=\"column-2\">Estaci\u00f3 de la RENFE de Sant Feliu de Llobregat<\/td><td class=\"column-3\">Estaci\u00f3 de la RENFE El Papiol<\/td><td class=\"column-4\">18,5<\/td><td class=\"column-5\">5:27<\/td><td class=\"column-6\">10<\/td>\n<\/tr>\n<tr class=\"row-30\">\n\t<td class=\"column-1\"><a href=\"http:\/\/fontscollserola.com\/?p=3096\">E29- De Roquetes a Esgl\u00e9sia Major pel Rec Comtal<\/a><\/td><td class=\"column-2\">Estaci\u00f3 de Metro de Roquetes.<\/td><td class=\"column-3\">Estaci\u00f3 de Metro d'Esgl\u00e9sia Major.<\/td><td class=\"column-4\">19<\/td><td class=\"column-5\">5:40<\/td><td class=\"column-6\">9<\/td>\n<\/tr>\n<tr class=\"row-31\">\n\t<td class=\"column-1\"><a href=\"https:\/\/fontscollserola.com\/?p=4348\">E30.- Supervolta Fonting Collserola<\/a><\/td><td class=\"column-2\">FGC Funicular Carretera de les Aig\u00fces. <\/td><td class=\"column-3\">FGC Funicular Carretera de les Aig\u00fces. <\/td><td class=\"column-4\">54<\/td><td class=\"column-5\">13:52<\/td><td class=\"column-6\">29<\/td>\n<\/tr>\n<tr class=\"row-32\">\n\t<td class=\"column-1\"><a href=\"https:\/\/fontscollserola.com\/?p=8668\">E31. Del Baixador de Vallvidrera a Sant Cugat<\/a><\/td><td class=\"column-2\">FGC Baixador de Vallvidrera. <\/td><td class=\"column-3\">FGC Sant Cugat del Vall\u00e8s.<\/td><td class=\"column-4\">19<\/td><td class=\"column-5\">5:58<\/td><td class=\"column-6\">14<\/td>\n<\/tr>\n<\/tbody>\n<\/table>\n<!-- #tablepress-3 from cache -->\n","protected":false},"excerpt":{"rendered":"<p>Fes un clic sobre el nom de l\u2019excursi\u00f3 i veur\u00e0s una explicaci\u00f3 de la caminada amb m\u00e9s detall. Llistat Excursions de Grup.<\/p>\n","protected":false},"author":4,"featured_media":0,"parent":21,"menu_order":3,"comment_status":"closed","ping_status":"closed","template":"","meta":{"footnotes":""},"class_list":["post-26","page","type-page","status-publish","hentry"],"_links":{"self":[{"href":"https:\/\/fontscollserola.com\/index.php?rest_route=\/wp\/v2\/pages\/26","targetHints":{"allow":["GET"]}}],"collection":[{"href":"https:\/\/fontscollserola.com\/index.php?rest_route=\/wp\/v2\/pages"}],"about":[{"href":"https:\/\/fontscollserola.com\/index.php?rest_route=\/wp\/v2\/types\/page"}],"author":[{"embeddable":true,"href":"https:\/\/fontscollserola.com\/index.php?rest_route=\/wp\/v2\/users\/4"}],"replies":[{"embeddable":true,"href":"https:\/\/fontscollserola.com\/index.php?rest_route=%2Fwp%2Fv2%2Fcomments&post=26"}],"version-history":[{"count":0,"href":"https:\/\/fontscollserola.com\/index.php?rest_route=\/wp\/v2\/pages\/26\/revisions"}],"up":[{"embeddable":true,"href":"https:\/\/fontscollserola.com\/index.php?rest_route=\/wp\/v2\/pages\/21"}],"wp:attachment":[{"href":"https:\/\/fontscollserola.com\/index.php?rest_route=%2Fwp%2Fv2%2Fmedia&parent=26"}],"curies":[{"name":"wp","href":"https:\/\/api.w.org\/{rel}","templated":true}]}}