{"id":39,"date":"2013-07-26T17:29:10","date_gmt":"2013-07-26T15:29:10","guid":{"rendered":"http:\/\/fontscollserola.com\/?page_id=39"},"modified":"2021-01-07T18:06:25","modified_gmt":"2021-01-07T17:06:25","slug":"mapes-google-tracks-perfils","status":"publish","type":"page","link":"https:\/\/fontscollserola.com\/?page_id=39","title":{"rendered":"Mapes  + Tracks + Perfils"},"content":{"rendered":"<p>Fes un clic sobre el <strong>nom de l\u2019excursi\u00f3<\/strong> i veur\u00e0s una informaci\u00f3 detallada de l\u2019excursi\u00f3 amb:<\/p>\n<ul>\n<li>Mapa interactiu de Wikiloc<\/li>\n<li>Track sobre el mapa<\/li>\n<li>Distancia i Perfil de l\u2019excursi\u00f3<\/li>\n<li>Possibilitat de baixar el track en format GPX.<\/li>\n<\/ul>\n<h5><span style=\"text-decoration: underline;\">Llistat de les Excursions de Grup<br \/>\n<\/span><\/h5>\n<p><a title=\"Track-E01\" href=\"https:\/\/ca.wikiloc.com\/rutes-senderisme\/e01-del-baixador-de-vallvidrera-al-papiol-per-14-fonts-daigua-natural-de-collserola-i-per-15-arbres-17923398\">E01 Del Baixador de Vallvidrera al Papiol<\/a><\/p>\n<p><a title=\"Track-E02\" href=\"https:\/\/ca.wikiloc.com\/rutes-senderisme\/e02-de-montbau-a-cerdanyola-per-15-fonts-daigua-natural-de-collserola-i-per-3-arbres-singulars-25717047\">E02 De Montbau a Cerdanyola del Vall\u00e8s<\/a><\/p>\n<p><a title=\"Track-E03\" href=\"https:\/\/ca.wikiloc.com\/rutes-senderisme\/e03-del-peu-del-funicular-a-sant-feliu-de-llobregat-passant-per-9-fonts-daigua-natural-de-collserol-15267375\">E03 Del Peu de Funicular a Sant Feliu de Llobregat<\/a><\/p>\n<p><a title=\"Track-E04\" href=\"https:\/\/ca.wikiloc.com\/rutes-senderisme\/e04-de-vall-dhebron-al-baixador-de-vallvidrera-per-22-fonts-daigua-natural-de-collserola-i-per-3-ar-24713447\">E04 De Vall Hebron al Baixador de Vallvidrera<\/a><\/p>\n<p><a title=\"Track-E05\" href=\"https:\/\/ca.wikiloc.com\/rutes-senderisme\/fonts-collserola-e05-87781\">E05 De l&#8217;Hospital General a la Diagonal<\/a><\/p>\n<p><a title=\"Track-E06\" href=\"https:\/\/ca.wikiloc.com\/rutes-senderisme\/e06-de-montbau-a-sant-cugat-per-16-fonts-daigua-natural-de-collserola-13622616\">E06 De Montbau a Sant Cugat del Vall\u00e8s<\/a><\/p>\n<p><a title=\"Track-07\" href=\"https:\/\/ca.wikiloc.com\/rutes-senderisme\/e07-del-baixador-de-vallvidrera-a-molins-de-rei-per-17-fonts-daigua-natural-de-collserola-i-per-9-a-22257722\">E07 Del Baixador de Vallvidrera a Molins de Rei<\/a><\/p>\n<p><a title=\"Track E08\" href=\"https:\/\/ca.wikiloc.com\/rutes-senderisme\/e08-de-canyelles-a-cerdanyola-per-14-fonts-daigua-natural-de-collserola-13991245\">E08 De Canyelles a Cerdanyola del Vall\u00e8s<\/a><\/p>\n<p><a title=\"Track-E09\" href=\"https:\/\/ca.wikiloc.com\/rutes-senderisme\/e09-de-valldaura-a-sant-cugat-passant-per-13-fonts-daigua-natural-de-collserola-i-per-4-arbres-sing-17465757\">E09 De Valldaura a Sant Cugat del Vall\u00e8s<\/a><\/p>\n<p><a title=\"Track-E10\" href=\"https:\/\/ca.wikiloc.com\/rutes-senderisme\/e10-de-penitents-a-sant-cugat-per-12-fonts-daigua-natural-de-collserola-14324617\">E10 De Penitents a Sant Cugat del Vall\u00e8s<\/a><\/p>\n<p><a title=\"Track-E11\" href=\"http:\/\/fontscollserola.com\/?p=1650\">E11 De Montcada a Molins de Rei pel GR-92<\/a><\/p>\n<p><a title=\"Track-E12\" href=\"https:\/\/ca.wikiloc.com\/rutes-senderisme\/e12-de-vallvidrera-a-sant-just-desvern-per-20-fonts-daigua-natural-de-collserola-i-per-18-arbres-si-28323130\">E12 De Vallvidrera a Sant Just<\/a><\/p>\n<p><a title=\"Track-E13\" href=\"https:\/\/ca.wikiloc.com\/rutes-senderisme\/e13-de-les-planes-a-molins-de-rei-per-13-fonts-daigua-natural-de-collserola-i-18-arbres-singulars-16506453\">E13 De Les Planes a Molins de Rei<\/a><\/p>\n<p><a title=\"Track-E14\" href=\"https:\/\/ca.wikiloc.com\/rutes-senderisme\/e14-del-baixador-de-vallvidrera-pel-casino-de-la-rabassada-per-17-fonts-daigua-natural-i-per-2-arbr-16152573\">E14 Del Baixador de Vallvidrera a Sant Cugat del Vall\u00e8s<\/a><\/p>\n<p><a title=\"Track-E15\" href=\"https:\/\/ca.wikiloc.com\/rutes-senderisme\/e15-de-sant-cugat-a-montcada-per-10-fonts-daigua-natural-de-collserola-i-per-4-arbres-singulars-30536149\">E15 De Sant Cugat del Vall\u00e8s a Montcada<\/a><\/p>\n<p><a title=\"Track-E16\" href=\"https:\/\/es.wikiloc.com\/rutas-senderismo\/e16-de-sant-feliu-a-molins-per-12-fonts-daigua-natural-de-collserola-per-10-arbres-singulars-i-per-22822912\">E16 De Sant Feliu de Llobregat a Molins de Rei<\/a><\/p>\n<p><a title=\"Track-E17\" href=\"https:\/\/ca.wikiloc.com\/rutes-senderisme\/e17-de-lhospital-general-a-molins-de-rei-per-10-fonts-daigua-natural-de-collserola-per-2-arbres-sin-29736058\">E17 De l&#8217;Hospital General a Molins de Rei<\/a><\/p>\n<p><a href=\"https:\/\/es.wikiloc.com\/rutas-senderismo\/e18-de-vall-dhebron-a-sant-cugat-per-13-fonts-daigua-natural-de-collserola-i-per-5-arbres-singulars-19488387\">E18 De Vall d&#8217;Hebron a Sant Cugat del Vall\u00e8s<\/a><\/p>\n<p><a title=\"Track-E19\" href=\"https:\/\/ca.wikiloc.com\/rutes-senderisme\/e19-de-la-floresta-a-molins-de-rei-per-16-fonts-daigua-natural-de-collserola-per-1-arbre-singular-i-23897394\">E19 De La Floresta a Molins de Rei<\/a><\/p>\n<p><a title=\"Track-E20\" href=\"https:\/\/ca.wikiloc.com\/rutes-senderisme\/e20-de-vallvidrera-a-mundet-per-12-fonts-daigua-natural-de-collserola-i-per-12-arbres-singulars-21539255\">E20 De Vallvidrera a Mundet<\/a><\/p>\n<p><a title=\"Track-E21\" href=\"https:\/\/ca.wikiloc.com\/rutes-senderisme\/e21-de-mundet-a-torre-baro-per-11-fonts-daigua-natural-de-collserola-i-per-4-arbres-singulars-32327847\">E21 De Mundet a Torre Bar\u00f3<\/a><\/p>\n<p><a href=\"https:\/\/ca.wikiloc.com\/rutes-senderisme\/e22-de-montbau-a-cerdanyola-passant-per-11-fonts-daigua-natural-de-collserola-15603077\">E22 de Mundet a Cerdanyola del Vall\u00e8s<\/a><\/p>\n<p><a title=\"Track-23\" href=\"https:\/\/es.wikiloc.com\/rutas-senderismo\/e23-de-mundet-a-sant-cugat-per-11-fonts-daigua-natural-de-collserola-i-per-2-arbres-singulars-20376480\">E23 De Mundet a Sant Cugat del Vall\u00e8s<\/a><\/p>\n<p><a title=\"Track-E24\" href=\"https:\/\/ca.wikiloc.com\/rutes-senderisme\/e24-del-baixador-de-vallvidrera-a-molins-per-10-fonts-daigua-natural-de-collserola-13007775\">E24 Del Baixador de Vallvidrera a Molins de Rei<\/a><\/p>\n<p><a title=\"Track-E25\" href=\"https:\/\/ca.wikiloc.com\/rutes-senderisme\/e25-de-montcada-i-reixac-a-llucmajor-passant-per-9-fonts-daigua-natural-de-collserola-5-arbres-sing-14609253\">E25 De Montcada a Llucmajor pels aq\u00fceductes<\/a><\/p>\n<p><a title=\"Track-E26\" href=\"https:\/\/ca.wikiloc.com\/rutes-senderisme\/e26-de-molins-de-rei-a-sant-just-desvern-per-10-fonts-daigua-natural-de-collserola-12726216\">E26 De Molins de Rei a Sant Just Desvern<\/a><\/p>\n<p><a title=\"Track-E27\" href=\"https:\/\/ca.wikiloc.com\/rutes-senderisme\/e27-de-la-floresta-a-sarria-per-8-fonts-daigua-natural-de-collserola-i-per-4-arbres-singulars-21127279\">E27 De la Floresta a Sarri\u00e0<\/a><\/p>\n<p><a title=\"Track-E28\" href=\"https:\/\/ca.wikiloc.com\/rutes-senderisme\/e28-de-sant-feliu-al-papiol-per-10-fonts-daigua-natural-de-collserola-per-2-arbres-singulars-i-per-31231592\">E28.- De Sant Feliu al Papiol<\/a><\/p>\n<p><a href=\"https:\/\/ca.wikiloc.com\/rutes-senderisme\/e29-de-roquetes-a-esglesia-major-pel-rec-comtal-i-per-9-fonts-daigua-natural-16226238\">E29.- De Roquetes a Esgl\u00e9sia Major pel Rec Comtal.<\/a><\/p>\n<p><a href=\"https:\/\/es.wikiloc.com\/rutas-senderismo\/e30-supervolta-fonting-collserola-per-29-fonts-naturals-52831318\">E30.- Supervolta Fonting Collserola.<\/a><\/p>\n<h5><span style=\"text-decoration: underline;\">Llistat Excursions de Recerca<br \/>\n<\/span><\/h5>\n<p><a title=\"Track-R01\" href=\"https:\/\/es.wikiloc.com\/rutas-senderismo\/fonts-collserola-r01-300810\">R01 De Vallvidrera a la Diagonal<\/a><\/p>\n<p><a title=\"Track-R02\" href=\"https:\/\/es.wikiloc.com\/rutas-senderismo\/fonts-collserola-r02-300843\">R02 De Les Planes a La Floresta<\/a><\/p>\n<p><a title=\"Track-R03\" href=\"https:\/\/es.wikiloc.com\/rutas-senderismo\/fonts-collserola-r03-301228\">R03 Del Baixador de Vallvidrera al Tibidabo<\/a><\/p>\n<p><a title=\"Track-R04\" href=\"https:\/\/es.wikiloc.com\/rutas-senderismo\/fonts-collserola-r04-301720\">R04 De Mundet a Cerdanyola<\/a><\/p>\n<p><a title=\"Track-R05\" href=\"https:\/\/es.wikiloc.com\/rutas-senderismo\/fonts-collserola-r05-358630\">R05 Les Planes<\/a><\/p>\n<p><a title=\"Track-R06\" href=\"https:\/\/es.wikiloc.com\/rutas-senderismo\/fonts-collserola-r06-301834\">R06 De Sant Cugat a La Floresta<\/a><\/p>\n<p><a title=\"Track-R07\" href=\"https:\/\/es.wikiloc.com\/rutas-senderismo\/fonts-collserola-r07-301873\">R07 De Les Planes a La Floresta<\/a><\/p>\n<p><a title=\"Track-R08\" href=\"https:\/\/es.wikiloc.com\/rutas-senderismo\/fonts-collserola-r08-358528\">R08 Baixador de Vallvidrera<\/a><\/p>\n<p><a title=\"Track-R09\" href=\"https:\/\/es.wikiloc.com\/rutas-senderismo\/fonts-collserola-r09-301984\">R09 De l&#8217;Hospital General al Papiol<\/a><\/p>\n<p><a title=\"Track-R10\" href=\"https:\/\/es.wikiloc.com\/rutas-senderismo\/fonts-collserola-r10-315382\">R10 Del Papiol a Molins de Rei<\/a><\/p>\n<p><a title=\"Track-R11\" href=\"https:\/\/es.wikiloc.com\/rutas-senderismo\/fonts-collserola-r11-317851\">R11 Molins de Rei I<\/a><\/p>\n<p><a title=\"Track-R12\" href=\"https:\/\/es.wikiloc.com\/rutas-senderismo\/fonts-collserola-r12-322949\">R12 Molins de Rei II<\/a><\/p>\n<p><a title=\"Track-R13\" href=\"https:\/\/es.wikiloc.com\/rutas-senderismo\/fonts-collserola-r13-323025\">R13 De Molins de Rei a Sant Feliu de Llobregat<\/a><\/p>\n<p><a title=\"Track-R14\" href=\"https:\/\/es.wikiloc.com\/rutas-senderismo\/fonts-collserola-r14-327772\">R14 De Sant Feliu de Llobregat a Sant Just Desvern<\/a><\/p>\n<p><a title=\"Track-R15\" href=\"https:\/\/es.wikiloc.com\/rutas-senderismo\/fonts-collserola-r15-327782\">R15 Sant Just Desvern<\/a><\/p>\n<p><a title=\"Track-R16\" href=\"https:\/\/es.wikiloc.com\/rutas-senderismo\/fonts-collserola-r16-327790\">R16 De Cerdanyola a Sant Cugat<\/a><\/p>\n<p><a title=\"Track-17\" href=\"https:\/\/es.wikiloc.com\/rutas-senderismo\/fonts-collserola-r17-339174\">R17 De Valldaura a Cerdanyola<\/a><\/p>\n<p><a title=\"Track-R18\" href=\"https:\/\/es.wikiloc.com\/rutas-senderismo\/fonts-collserola-r18-339216\">R18 Montbau<\/a><\/p>\n<p><a title=\"Track-R19\" href=\"https:\/\/es.wikiloc.com\/rutas-senderismo\/fonts-collserola-r20-341357\">R19 De Vall d&#8217;Hebron a Penitents<\/a><\/p>\n<p><a title=\"Track-R20\" href=\"http:\/\/fontscollserola.com\/?p=1943\">R20 De Canyelles a Can Cui\u00e0s<\/a><\/p>\n<p><a title=\"Track-21\" href=\"https:\/\/es.wikiloc.com\/rutas-senderismo\/fonts-collserola-r21-358368\">R21 De Molins de Rei a la Floresta<\/a><\/p>\n<p><a title=\"Track-R22\" href=\"https:\/\/es.wikiloc.com\/rutas-senderismo\/fonts-collserola-r22-358389\">R22 De Torre Bar\u00f3 a Montcada<\/a><\/p>\n<p><a title=\"Track-R23\" href=\"https:\/\/es.wikiloc.com\/rutas-senderismo\/fonts-collserola-r23-358398\">R23 De Valldaura al Complex<\/a><\/p>\n<p><a title=\"Track-R24\" href=\"https:\/\/es.wikiloc.com\/rutas-senderismo\/fonts-collserola-r24-358419\">R24\u00a0 De Cerdanyola al Tibidabo<\/a><\/p>\n","protected":false},"excerpt":{"rendered":"<p>Fes un clic sobre el nom de l\u2019excursi\u00f3 i veur\u00e0s una informaci\u00f3 detallada de l\u2019excursi\u00f3 amb: Mapa interactiu de Wikiloc Track sobre el mapa Distancia i Perfil de l\u2019excursi\u00f3 Possibilitat de baixar el track en format GPX. Llistat de les Excursions de Grup E01 Del Baixador de Vallvidrera al Papiol E02 De Montbau a Cerdanyola [&hellip;]<\/p>\n","protected":false},"author":3,"featured_media":0,"parent":22,"menu_order":7,"comment_status":"closed","ping_status":"closed","template":"","meta":{"footnotes":""},"class_list":["post-39","page","type-page","status-publish","hentry"],"_links":{"self":[{"href":"https:\/\/fontscollserola.com\/index.php?rest_route=\/wp\/v2\/pages\/39","targetHints":{"allow":["GET"]}}],"collection":[{"href":"https:\/\/fontscollserola.com\/index.php?rest_route=\/wp\/v2\/pages"}],"about":[{"href":"https:\/\/fontscollserola.com\/index.php?rest_route=\/wp\/v2\/types\/page"}],"author":[{"embeddable":true,"href":"https:\/\/fontscollserola.com\/index.php?rest_route=\/wp\/v2\/users\/3"}],"replies":[{"embeddable":true,"href":"https:\/\/fontscollserola.com\/index.php?rest_route=%2Fwp%2Fv2%2Fcomments&post=39"}],"version-history":[{"count":67,"href":"https:\/\/fontscollserola.com\/index.php?rest_route=\/wp\/v2\/pages\/39\/revisions"}],"predecessor-version":[{"id":4673,"href":"https:\/\/fontscollserola.com\/index.php?rest_route=\/wp\/v2\/pages\/39\/revisions\/4673"}],"up":[{"embeddable":true,"href":"https:\/\/fontscollserola.com\/index.php?rest_route=\/wp\/v2\/pages\/22"}],"wp:attachment":[{"href":"https:\/\/fontscollserola.com\/index.php?rest_route=%2Fwp%2Fv2%2Fmedia&parent=39"}],"curies":[{"name":"wp","href":"https:\/\/api.w.org\/{rel}","templated":true}]}}