{"id":5632,"date":"2021-10-06T13:06:31","date_gmt":"2021-10-06T11:06:31","guid":{"rendered":"https:\/\/fontscollserola.com\/?page_id=5632"},"modified":"2023-10-24T18:09:59","modified_gmt":"2023-10-24T16:09:59","slug":"fonting-fora-de-collserola","status":"publish","type":"page","link":"https:\/\/fontscollserola.com\/?page_id=5632","title":{"rendered":"Camins amb fonts"},"content":{"rendered":"\n<p>La major part s\u00f3n travesses pensades per anar i tornar amb transport p\u00fablic.<\/p>\n\n\n\n<p>Fora de l&#8217;\u00e0mbit de Collserola.<\/p>\n\n\n\n<p><a href=\"https:\/\/moli1fonting.blogspot.com\/p\/blog-page_8.html\">S\u00f3n excursions de senderisme per visitar diverses fonts.<\/a><\/p>\n","protected":false},"excerpt":{"rendered":"<p>La major part s\u00f3n travesses pensades per anar i tornar amb transport p\u00fablic. Fora de l&#8217;\u00e0mbit de Collserola. S\u00f3n excursions de senderisme per visitar diverses fonts.<\/p>\n","protected":false},"author":3,"featured_media":0,"parent":0,"menu_order":17,"comment_status":"closed","ping_status":"closed","template":"","meta":{"footnotes":""},"class_list":["post-5632","page","type-page","status-publish","hentry"],"_links":{"self":[{"href":"https:\/\/fontscollserola.com\/index.php?rest_route=\/wp\/v2\/pages\/5632","targetHints":{"allow":["GET"]}}],"collection":[{"href":"https:\/\/fontscollserola.com\/index.php?rest_route=\/wp\/v2\/pages"}],"about":[{"href":"https:\/\/fontscollserola.com\/index.php?rest_route=\/wp\/v2\/types\/page"}],"author":[{"embeddable":true,"href":"https:\/\/fontscollserola.com\/index.php?rest_route=\/wp\/v2\/users\/3"}],"replies":[{"embeddable":true,"href":"https:\/\/fontscollserola.com\/index.php?rest_route=%2Fwp%2Fv2%2Fcomments&post=5632"}],"version-history":[{"count":7,"href":"https:\/\/fontscollserola.com\/index.php?rest_route=\/wp\/v2\/pages\/5632\/revisions"}],"predecessor-version":[{"id":8686,"href":"https:\/\/fontscollserola.com\/index.php?rest_route=\/wp\/v2\/pages\/5632\/revisions\/8686"}],"wp:attachment":[{"href":"https:\/\/fontscollserola.com\/index.php?rest_route=%2Fwp%2Fv2%2Fmedia&parent=5632"}],"curies":[{"name":"wp","href":"https:\/\/api.w.org\/{rel}","templated":true}]}}